{"id":2584,"date":"2016-05-17T19:21:01","date_gmt":"2016-05-17T18:21:01","guid":{"rendered":"http:\/\/akj.fr\/?page_id=2584"},"modified":"2024-01-26T20:41:53","modified_gmt":"2024-01-26T19:41:53","slug":"organisations-groupes-et-ecoles","status":"publish","type":"page","link":"https:\/\/akj.fr\/?page_id=2584","title":{"rendered":"Organisations groupes et \u00e9coles"},"content":{"rendered":"<p><img loading=\"lazy\" decoding=\"async\" class=\"aligncenter size-full wp-image-2509\" src=\"https:\/\/akj.fr\/wp-content\/uploads\/2015\/10\/cropped-cropped-cropped-reishiki-seiza-.jpg\" alt=\"reishiki-seiza-.jpg\" width=\"986\" height=\"231\" srcset=\"https:\/\/akj.fr\/wp-content\/uploads\/2015\/10\/cropped-cropped-cropped-reishiki-seiza-.jpg 986w, https:\/\/akj.fr\/wp-content\/uploads\/2015\/10\/cropped-cropped-cropped-reishiki-seiza--595x139.jpg 595w, https:\/\/akj.fr\/wp-content\/uploads\/2015\/10\/cropped-cropped-cropped-reishiki-seiza--768x180.jpg 768w, https:\/\/akj.fr\/wp-content\/uploads\/2015\/10\/cropped-cropped-cropped-reishiki-seiza--960x225.jpg 960w\" sizes=\"auto, (max-width: 986px) 100vw, 986px\" \/>En plus des<a href=\"https:\/\/akj.fr\/?page_id=347\"> cinq styles majeurs<\/a> pr\u00e9c\u00e9demment cit\u00e9s, de nombreuses organisations, groupes et tendances autour de l&rsquo;A\u00efkido ont vu le jour en France.<\/p>\n<p><em><strong>Les grandes organisations<\/strong><\/em><\/p>\n<p>FIA : F\u00e9d\u00e9ration Internationale d\u2019A\u00efkido<\/p>\n<p>IMAF : International Martial Arts Federation<\/p>\n<p>IFNB : International Federation of Nippon Budo<\/p>\n<p>DNBK : Dai Nippon Butoku Kai<\/p>\n<p><em><strong>UFA: qui regroupe les deux f\u00e9d\u00e9rations d&rsquo;A\u00efkido fran\u00e7aises<\/strong><\/em><\/p>\n<p>F\u00e9d\u00e9ration Fran\u00e7aise d&rsquo;Aikido, d&rsquo;Aikibudo et Affinitaires \u00a0\u00a0<a href=\"http:\/\/www.aikido.com.fr\/\">FFAAA<\/a><\/p>\n<p>F\u00e9d\u00e9ration Fran\u00e7aise d&rsquo;Aikido et de Budo <a title=\"FFAB\" href=\"http:\/\/www.ffabaikido.fr\">\u00a0 FFAB<\/a><\/p>\n<p><em><strong>Organisations ind\u00e9pendantes , \u00e9coles , groupes et tendances<\/strong><\/em><\/p>\n<p>Groupe Historique Andr\u00e9 Noquet \u00a0\u00a0<a href=\"https:\/\/www.ghaan.com\">GHAAN<\/a><\/p>\n<p>Fundamental Aikido Association \u00a0\u00a0\u00a0<a href=\"http:\/\/fundamental-aikido.com\/\">FAA<\/a><\/p>\n<p>F\u00e9d\u00e9ration d&rsquo;A\u00efkido Traditionnel \u00a0\u00a0 <a href=\"http:\/\/www.aikido-fat.com\/\">FAT<\/a><\/p>\n<p>Takemusu A\u00efkido Association France \u00a0<a href=\"http:\/\/itaaf.free.fr\/Takemusu%20Association.html\"> TAAF<\/a><\/p>\n<p>Anki Bukika\u00ef \u00a0 <a href=\"http:\/\/www.aikibukikai.free.fr\/\">aikibukikai<\/a><\/p>\n<p>Aikiryu (F.AAGE)\u00a0\u00a0<a href=\"http:\/\/www.aikiryu.org\/\">F.AAG<\/a><\/p>\n<p>Ecole Shin Do Aiki-Ryu \u00a0<a href=\" http:\/\/aikiryu.free.fr\/\">ecole Aikiryu<\/a><\/p>\n<p>Association Culturelle National d&rsquo;A\u00efkido \u00a0<a href=\"https:\/\/www.michelbecart.com\">ACNA<\/a><\/p>\n<p>Acad\u00e9mie Autonome d&rsquo;Aikido \u00a0<a href=\"http:\/\/www.3aikido.org\/\">3A<\/a><\/p>\n<p>Association Fran\u00e7aise d&rsquo;A\u00efkido Traditionnel du Japon \u00a0\u00a0<a href=\"http:\/\/www.afatj.com\/\">AFATJ<\/a><\/p>\n<p>A\u00efkido Ryu Abe <a title=\"ARA\" href=\"http:\/\/www.aikitaijutsu.fr\/\">\u00a0\u00a0ARA<\/a><\/p>\n<p>Ecole Internationale d\u2019A\u00efkido Michel Soulenq <a href=\"http:\/\/www.aikido-gcercce.org\">\u00a0GCERCCE-EIAMS<\/a><\/p>\n<p>Ecole Europ\u00e9enne d&rsquo;A\u00efkido\/France \u00a0\u00a0<a href=\"http:\/\/www.dojo-peyrache-ista.aikidoepa.com\">EPA<\/a><\/p>\n<p>A\u00efkido Yoshinka\u00ef de France\u00a0 \u00a0<a href=\"http:\/\/www.aikido-yoshinkai.fr\/index.php\">Yoshinkan<\/a><\/p>\n<p>Ren Wa Kai Aikido \u00a0<a href=\"https:\/\/www.alaintendron.com\">Renwakai<\/a><\/p>\n<p>Kinomichi \u00a0 <a href=\"http:\/\/www.kinomichi.com\/\">Kinomichi.com<\/a><\/p>\n<p>Ecole de Sumiki \u00a0 <a href=\"http:\/\/www.sumikiri.com\/\">sumikiri.com<\/a><\/p>\n<p>Aikikai de Strasbourg Birankai Europe\u00a0 \u00a0<a href=\"http:\/\/www.aikido-strasbourg.com\/\">Birankai Europe<\/a><\/p>\n<p>Cercle d\u2019\u00e9tude et de recherche en A\u00efkibudo \u00a0\u00a0<a href=\"http:\/\/www.cera-aikibudo.com\/\">cera-aikibudo.com<\/a><\/p>\n<p>Takemusu Aiki Intercontinental \u00a0 <a href=\"http:\/\/www.aikidotakemusu.com\/\">TAI<\/a><\/p>\n<p>Takemusu Aiki Tomita Academy \u00a0<a title=\"Lomita Academy\" href=\"http:\/\/www.takemusuaiki.eu\"> Tomita Academy<\/a><\/p>\n<p>Kinokenkyukai \u00a0<a href=\"http:\/\/www.kinokenkyukai.fr\/\">w.kinokenkyukai<\/a><\/p>\n<p>A\u00efkido Harmonie \u00a0 <a href=\"http:\/\/www.aikido-harmonie.com\/\">aikido-harmonie.com<\/a><\/p>\n<p>Ecole Itsuo Tsuda\u00a0 \u00a0<a href=\"http:\/\/www.ecole-itsuo-tsuda.org\/\">ecole-itsuo-tsuda.org<\/a><\/p>\n<p>Ecole de Budo Raji\u00a0 <a href=\"https:\/\/www.aikido-budo-raji.com\">w.aikido-jaffraji.com<\/a><\/p>\n<p>Shingitai Ryu \u00a0 <a href=\"http:\/\/www.shingitai-ryu.org\/fr\/\">w.shingitai-ryu.org\/fr<\/a><\/p>\n<p>Mutokukai \u00a0 <a href=\"https:\/\/www.mutokukai.fr\">w.mutokukai<\/a><\/p>\n<p>Eurasia Aikido \u00a0<a href=\" http:\/\/www.eurasia-aikido.org\">w.eurasia-aikido.org<\/a><\/p>\n<p>Ecole d\u2019Aikido Tendoryu \u00a0<a href=\"http:\/\/aiki.tendo.free.fr\/\"> aiki.tendo.free.fr<\/a><\/p>\n<p>Aikido Bordeaux \u00a0<a href=\"https:\/\/www.aikido-agen.com\">\u00a0w.ryushinkan<\/a><\/p>\n<p>Shoyukan Aikikai France \u00a0<a href=\"http:\/\/www.shoyukan-aikikai.com\/\">shoyukan<\/a><\/p>\n<p>Takemusu Aikido Renmei France \u00a0<a href=\"http:\/\/itaaf.free.fr\">\u00a0w.itaaf.free.fr<\/a><\/p>\n<p>Aikido Mouvement Evasion <a href=\"http:\/\/ame-aikido.fr\">\u00a0w.aikido.ame.free.fr<\/a><\/p>\n<p>Aikido Jujitsu\u00a0<a href=\"http:\/\/www.aikidojiujitsu.fr\">w.aikidojiujitsu<\/a><\/p>\n<p>Institut Aikido \u00a0<a href=\"http:\/\/www.institut-aikido.org\/\">w.institut-aikido.org\/<\/a><\/p>\n<p>Kishinkai Aikido \u00a0\u00a0<a href=\"http:\/\/www.leotamaki.com\">w.leotamaki.com<\/a><\/p>\n<p>Dento Iwama Ryu A\u00efkido France <a href=\"https:\/\/iwama-ryu.fr\">\u00a0w.iwama-ryu.fr<\/a><\/p>\n<p>Association Fran\u00e7aise de Ki A\u00efkido <a href=\"http:\/\/www.ki-aikido.fr\">\u00a0AFKA<\/a><\/p>\n<p>Wanomichi A\u00efki<\/p>\n<p>Cette liste n&rsquo;est pas exhaustive. si vous appartenez \u00e0 un groupe qui ne serait pas mentionn\u00e9, je vous invite \u00e0 me contacter.<\/p>\n","protected":false},"excerpt":{"rendered":"<p>En plus des cinq styles majeurs pr\u00e9c\u00e9demment cit\u00e9s, de nombreuses organisations, groupes et tendances autour de l&rsquo;A\u00efkido ont vu le jour en France. Les grandes organisations FIA : F\u00e9d\u00e9ration Internationale d\u2019A\u00efkido IMAF : International Martial Arts Federation IFNB : International Federation of Nippon Budo DNBK : Dai Nippon Butoku Kai [&hellip;]<\/p>\n","protected":false},"author":2,"featured_media":0,"parent":0,"menu_order":1,"comment_status":"closed","ping_status":"closed","template":"","meta":{"footnotes":""},"class_list":["post-2584","page","type-page","status-publish","hentry"],"_links":{"self":[{"href":"https:\/\/akj.fr\/index.php?rest_route=\/wp\/v2\/pages\/2584","targetHints":{"allow":["GET"]}}],"collection":[{"href":"https:\/\/akj.fr\/index.php?rest_route=\/wp\/v2\/pages"}],"about":[{"href":"https:\/\/akj.fr\/index.php?rest_route=\/wp\/v2\/types\/page"}],"author":[{"embeddable":true,"href":"https:\/\/akj.fr\/index.php?rest_route=\/wp\/v2\/users\/2"}],"replies":[{"embeddable":true,"href":"https:\/\/akj.fr\/index.php?rest_route=%2Fwp%2Fv2%2Fcomments&post=2584"}],"version-history":[{"count":38,"href":"https:\/\/akj.fr\/index.php?rest_route=\/wp\/v2\/pages\/2584\/revisions"}],"predecessor-version":[{"id":6094,"href":"https:\/\/akj.fr\/index.php?rest_route=\/wp\/v2\/pages\/2584\/revisions\/6094"}],"wp:attachment":[{"href":"https:\/\/akj.fr\/index.php?rest_route=%2Fwp%2Fv2%2Fmedia&parent=2584"}],"curies":[{"name":"wp","href":"https:\/\/api.w.org\/{rel}","templated":true}]}}