{"id":2858,"date":"2016-10-23T17:05:02","date_gmt":"2016-10-23T16:05:02","guid":{"rendered":"http:\/\/akj.fr\/?page_id=2858"},"modified":"2020-09-01T04:44:28","modified_gmt":"2020-09-01T03:44:28","slug":"nous-contactez","status":"publish","type":"page","link":"https:\/\/akj.fr\/?page_id=2858","title":{"rendered":"Nous contacter"},"content":{"rendered":"<p><img loading=\"lazy\" decoding=\"async\" class=\"alignleft size-full wp-image-297\" src=\"https:\/\/akj.fr\/wp-content\/uploads\/2012\/12\/02.Le-Club.Alain-Buchheit.jpg\" alt=\"02.Le Club.Alain Buchheit\" width=\"244\" height=\"216\" \/><strong>BUCHHEIT Alain<\/strong>: Le Professeur<\/p>\n<p>Dipl\u00f4m\u00e9 d\u2019\u00e9tat A\u00efkido (BEES )<\/p>\n<p>Dipl\u00f4m\u00e9 Activit\u00e9s Physiques pour Tous (BEESAPT )<br \/>\nEducateur territorial des activit\u00e9s physiques et sportives (ETAPS )<br \/>\nDipl\u00f4m\u00e9 AIKIKAI (Ecole d&rsquo;A\u00efkido japonaise )<br \/>\nDipl\u00f4m\u00e9 IFNB (F\u00e9d\u00e9ration Internationale de Budo Japonais.<br \/>\nResponsable PACA de L\u2019UAM (Universit\u00e9 des Arts Martiaux )<\/p>\n<p>T\u00e9l. : 06 20 35 14 38 \u00a0mail :<a href=\"mailto:alain.buchheit@akj.fr\"> alain.buchheit@akj.fr<\/a><\/p>\n","protected":false},"excerpt":{"rendered":"<p>BUCHHEIT Alain: Le Professeur Dipl\u00f4m\u00e9 d\u2019\u00e9tat A\u00efkido (BEES ) Dipl\u00f4m\u00e9 Activit\u00e9s Physiques pour Tous (BEESAPT ) Educateur territorial des activit\u00e9s physiques et sportives (ETAPS ) Dipl\u00f4m\u00e9 AIKIKAI (Ecole d&rsquo;A\u00efkido japonaise ) Dipl\u00f4m\u00e9 IFNB (F\u00e9d\u00e9ration Internationale de Budo Japonais. Responsable PACA de L\u2019UAM (Universit\u00e9 des Arts Martiaux ) T\u00e9l. : 06 [&hellip;]<\/p>\n","protected":false},"author":2,"featured_media":2712,"parent":0,"menu_order":0,"comment_status":"closed","ping_status":"closed","template":"","meta":{"footnotes":""},"class_list":["post-2858","page","type-page","status-publish","has-post-thumbnail","hentry"],"_links":{"self":[{"href":"https:\/\/akj.fr\/index.php?rest_route=\/wp\/v2\/pages\/2858","targetHints":{"allow":["GET"]}}],"collection":[{"href":"https:\/\/akj.fr\/index.php?rest_route=\/wp\/v2\/pages"}],"about":[{"href":"https:\/\/akj.fr\/index.php?rest_route=\/wp\/v2\/types\/page"}],"author":[{"embeddable":true,"href":"https:\/\/akj.fr\/index.php?rest_route=\/wp\/v2\/users\/2"}],"replies":[{"embeddable":true,"href":"https:\/\/akj.fr\/index.php?rest_route=%2Fwp%2Fv2%2Fcomments&post=2858"}],"version-history":[{"count":14,"href":"https:\/\/akj.fr\/index.php?rest_route=\/wp\/v2\/pages\/2858\/revisions"}],"predecessor-version":[{"id":5161,"href":"https:\/\/akj.fr\/index.php?rest_route=\/wp\/v2\/pages\/2858\/revisions\/5161"}],"wp:featuredmedia":[{"embeddable":true,"href":"https:\/\/akj.fr\/index.php?rest_route=\/wp\/v2\/media\/2712"}],"wp:attachment":[{"href":"https:\/\/akj.fr\/index.php?rest_route=%2Fwp%2Fv2%2Fmedia&parent=2858"}],"curies":[{"name":"wp","href":"https:\/\/api.w.org\/{rel}","templated":true}]}}