{"id":333,"date":"2013-01-27T02:58:48","date_gmt":"2013-01-27T01:58:48","guid":{"rendered":"http:\/\/s425924786.onlinehome.fr\/AKJ%202013\/?page_id=333"},"modified":"2016-10-19T16:55:05","modified_gmt":"2016-10-19T15:55:05","slug":"le-fondateur","status":"publish","type":"page","link":"https:\/\/akj.fr\/?page_id=333","title":{"rendered":"Le Fondateur"},"content":{"rendered":"<p><img loading=\"lazy\" decoding=\"async\" class=\"alignleft size-full wp-image-192\" src=\"https:\/\/akj.fr\/wp-content\/uploads\/2013\/01\/05.Le-Fondateur.Ueshiba.Osensei.gif\" alt=\"05.Le Fondateur.Ueshiba.Osensei\" width=\"200\" height=\"261\" \/> : <em>Quelques dates importantes<\/em><\/p>\n<p><strong>1915<\/strong>\u00a0rencontre avec Sokaku Takeda, Maitre de l\u2019Ecole Daito de Jujutsu<\/p>\n<p><strong>1919<\/strong>\u00a0D\u00e9c\u00e8s de son p\u00e8re<\/p>\n<p>Rencontre avec le r\u00e9v\u00e9rend Onisaburo Deguchi de la secte Omoto-Kyo<\/p>\n<p><strong>1919 \u2013 1926<\/strong>\u00a0Adepte de la secte Omoto-Kyo (Dojo Ueshiba Juku)<\/p>\n<p>D\u00e9part avec Deguchi pour la Mongolie<\/p>\n<p>Arr\u00eat\u00e9 et emprisonn\u00e9<\/p>\n<p><strong>1925<\/strong>\u00a0Retour au Japon<\/p>\n<p>Exp\u00e9rience mystique (naissance du futur Aiki-Do)<\/p>\n<p>Abandon des anciens Bu-Jutsu<\/p>\n<p><strong>1927<\/strong>\u00a0La famille d\u2019Ueshiba quitte Ayabe pour Tokyo et am\u00e9nage un Dojo (Aiki-Jutsu)<\/p>\n<p><strong>1928 \u2013 1929<\/strong>\u00a0Nouveau Dojo<\/p>\n<p><strong>1930<\/strong>\u00a0Construction du 1er Dojo : Kobukan Dojo (connu sous le nom de Dojo de l\u2019Enfer)<\/p>\n<p>Visite de Jigoro Kano<\/p>\n<p><strong>1935<\/strong>\u00a0La pratique porte le nom de Aiki-Budo1939 Voyage et d\u00e9monstration en Mandchourie<\/p>\n<p><strong>1940<\/strong>\u00a0Fondation Kobukai<\/p>\n<p>D\u00e9part des Uchi-Deshi pour la guerre<\/p>\n<p><strong>1941<\/strong>\u00a0D\u00e9part de Ueshiba pour Iwama o\u00f9 il cr\u00e9e un nouveau Dojo \u00e0 la campagne<\/p>\n<p><strong>1942<\/strong>\u00a0L\u2019A\u00efki-Budo devient A\u00efki-Do<\/p>\n<p><strong>1945<\/strong>\u00a0Construction du temple A\u00efki \u00e0 Iwama<\/p>\n<p><strong>1948<\/strong>\u00a0Cr\u00e9ation de la Fondation A\u00efkikai<\/p>\n<p><strong>1956\u00a0<\/strong>1\u00e8re d\u00e9monstration publique organis\u00e9e par l\u2019A\u00efkikai<\/p>\n<p>O-Sensei est toujours \u00e0 Iwama ; Direction de l\u2019A\u00efkikai assur\u00e9e par Kissdomaru Ueshiba<\/p>\n<p>Diffusion de l\u2019A\u00efkido dans tout le Japon<\/p>\n<p><strong>1960<\/strong>\u00a0O-Sensei se rend \u00e0 Hawa\u00ef<\/p>\n<p><strong>1967<\/strong>\u00a0Cr\u00e9ation du nouvel A\u00efkikai rempla\u00e7ant le Kobukai Dojo<\/p>\n<p>D\u00e9veloppement international de l\u2019A\u00efkido de plus en plus important sur tous les continents<\/p>\n<p><strong>1969\u00a0<\/strong>D\u00e9c\u00e8s du Fondateur le 26 avril 1969.<\/p>\n<p><a title=\"Morihei Ueshiba\" href=\"https:\/\/akj.fr\/?page_id=345\" target=\"_blank\">Biographie de\u00a0<strong>Morihei Ueshiba<\/strong><\/a><\/p>\n","protected":false},"excerpt":{"rendered":"<p>: Quelques dates importantes 1915\u00a0rencontre avec Sokaku Takeda, Maitre de l\u2019Ecole Daito de Jujutsu 1919\u00a0D\u00e9c\u00e8s de son p\u00e8re Rencontre avec le r\u00e9v\u00e9rend Onisaburo Deguchi de la secte Omoto-Kyo 1919 \u2013 1926\u00a0Adepte de la secte Omoto-Kyo (Dojo Ueshiba Juku) D\u00e9part avec Deguchi pour la Mongolie Arr\u00eat\u00e9 et emprisonn\u00e9 1925\u00a0Retour au Japon [&hellip;]<\/p>\n","protected":false},"author":2,"featured_media":2838,"parent":0,"menu_order":0,"comment_status":"closed","ping_status":"closed","template":"","meta":{"footnotes":""},"class_list":["post-333","page","type-page","status-publish","has-post-thumbnail","hentry"],"_links":{"self":[{"href":"https:\/\/akj.fr\/index.php?rest_route=\/wp\/v2\/pages\/333","targetHints":{"allow":["GET"]}}],"collection":[{"href":"https:\/\/akj.fr\/index.php?rest_route=\/wp\/v2\/pages"}],"about":[{"href":"https:\/\/akj.fr\/index.php?rest_route=\/wp\/v2\/types\/page"}],"author":[{"embeddable":true,"href":"https:\/\/akj.fr\/index.php?rest_route=\/wp\/v2\/users\/2"}],"replies":[{"embeddable":true,"href":"https:\/\/akj.fr\/index.php?rest_route=%2Fwp%2Fv2%2Fcomments&post=333"}],"version-history":[{"count":10,"href":"https:\/\/akj.fr\/index.php?rest_route=\/wp\/v2\/pages\/333\/revisions"}],"predecessor-version":[{"id":2413,"href":"https:\/\/akj.fr\/index.php?rest_route=\/wp\/v2\/pages\/333\/revisions\/2413"}],"wp:featuredmedia":[{"embeddable":true,"href":"https:\/\/akj.fr\/index.php?rest_route=\/wp\/v2\/media\/2838"}],"wp:attachment":[{"href":"https:\/\/akj.fr\/index.php?rest_route=%2Fwp%2Fv2%2Fmedia&parent=333"}],"curies":[{"name":"wp","href":"https:\/\/api.w.org\/{rel}","templated":true}]}}