{"id":341,"date":"2013-01-27T03:10:02","date_gmt":"2013-01-27T02:10:02","guid":{"rendered":"http:\/\/s425924786.onlinehome.fr\/AKJ%202013\/?page_id=341"},"modified":"2018-07-23T14:25:41","modified_gmt":"2018-07-23T13:25:41","slug":"aikiken-jo","status":"publish","type":"page","link":"https:\/\/akj.fr\/?page_id=341","title":{"rendered":"A\u00efki-ken et A\u00efki-Jo"},"content":{"rendered":"<p><img loading=\"lazy\" decoding=\"async\" class=\"aligncenter size-full wp-image-2831\" src=\"https:\/\/akj.fr\/wp-content\/uploads\/2015\/10\/cropped-Morihei-Ueshiba.jpg\" alt=\"Morihei-Ueshiba-2.jpg\" width=\"1000\" height=\"288\" srcset=\"https:\/\/akj.fr\/wp-content\/uploads\/2015\/10\/cropped-Morihei-Ueshiba.jpg 1000w, https:\/\/akj.fr\/wp-content\/uploads\/2015\/10\/cropped-Morihei-Ueshiba-595x171.jpg 595w, https:\/\/akj.fr\/wp-content\/uploads\/2015\/10\/cropped-Morihei-Ueshiba-768x221.jpg 768w, https:\/\/akj.fr\/wp-content\/uploads\/2015\/10\/cropped-Morihei-Ueshiba-960x276.jpg 960w, https:\/\/akj.fr\/wp-content\/uploads\/2015\/10\/cropped-Morihei-Ueshiba-500x144.jpg 500w\" sizes=\"auto, (max-width: 1000px) 100vw, 1000px\" \/>La pratique des armes dans l\u2019A\u00efkido n\u2019est pas abord\u00e9e tout \u00e0 fait comme dans une \u00ab \u00e9cole de sabre traditionnelle \u00bb, mais plus dans l\u2019id\u00e9e et le souci d\u2019un travail anim\u00e9 par une m\u00eame logique entre les armes et les techniques \u00e0 mains nues.De ce fait les armes font partie int\u00e9grante de l&rsquo;Aikido.<em>Hormis leur pratique courante, nos sources pour une \u00e9tude plus approfondie sont:<\/em><\/p>\n<p>&nbsp;<\/p>\n<p><strong>Ma\u00eetre Morihiro Saito<\/strong><\/p>\n<p><img loading=\"lazy\" decoding=\"async\" class=\"size-full wp-image-177 alignleft\" src=\"https:\/\/akj.fr\/wp-content\/uploads\/2013\/01\/24.AikiKenJo.Saito_2-e1368898390686.jpg\" alt=\"24.AikiKenJo.Saito ( vignette )\" width=\"100\" height=\"150\" \/>El\u00e8ve interne (uchideshi) de O-Sensei \u00e0 Iwama, qui a codifi\u00e9 les techniques qu\u2019il avait apprises du Fondateur et en a con\u00e7u un syst\u00e8me d\u2019enseignement, afin qu\u2019elles soient transmises le plus authentiquement possible.<\/p>\n<p>&nbsp;<\/p>\n<p>&nbsp;<\/p>\n<p><strong>Ma\u00eetre Shoji Nishio<\/strong><img loading=\"lazy\" decoding=\"async\" class=\"alignleft size-thumbnail wp-image-181\" src=\"https:\/\/akj.fr\/wp-content\/uploads\/2013\/01\/24.AikiKenJo.NISHIO2-150x150.jpg\" alt=\"24.AikiKenJo.NISHIO\" width=\"150\" height=\"150\" \/><br \/>\nMa\u00eetre d\u2019armes et Shihan d\u2019A\u00efkido, qui propose un syst\u00e8me d\u2019apprentissage bas\u00e9 sur le principe A\u00efki. Partant des techniques de base, il a int\u00e9gr\u00e9 son exp\u00e9rience pouss\u00e9e des armes, les faisant \u00e9voluer vers une forme caract\u00e9ristique de son \u00e9cole Toho.<\/p>\n<div>\n<p>&nbsp;<\/p>\n<p>En ce qui concerne le maniement des armes sous leur forme historique, nous nous appuyons sur une \u00e9cole qui n\u2019est pas sans rapport avec l\u2019A\u00efkido :\u00a0<strong><em>le Kashima Shinry\u00fb<\/em><\/strong><\/p>\n<p>Morihiro Saito :<\/p>\n<div>\n<div class=\"youtube\" style=\"width: 500; height: 300;\"><iframe loading=\"lazy\" width=\"500\" height=\"300\" src=\"\/\/www.youtube.com\/embed\/O9U04EU_Qp8\" allowfullscreen=\"allowfullscreen\"><\/iframe><\/div>\n<\/div>\n<\/div>\n<p class=\"youtube\" style=\"width: 500; height: 300;\">Shoji Nishio :<\/p>\n<p class=\"youtube\" style=\"width: 500; height: 300;\"><iframe loading=\"lazy\" width=\"500\" height=\"300\" src=\"\/\/www.youtube.com\/embed\/VD-gpeSjAyw\" allowfullscreen=\"allowfullscreen\"><\/iframe><\/p>\n","protected":false},"excerpt":{"rendered":"<p>La pratique des armes dans l\u2019A\u00efkido n\u2019est pas abord\u00e9e tout \u00e0 fait comme dans une \u00ab \u00e9cole de sabre traditionnelle \u00bb, mais plus dans l\u2019id\u00e9e et le souci d\u2019un travail anim\u00e9 par une m\u00eame logique entre les armes et les techniques \u00e0 mains nues.De ce fait les armes font partie [&hellip;]<\/p>\n","protected":false},"author":2,"featured_media":0,"parent":0,"menu_order":0,"comment_status":"closed","ping_status":"closed","template":"","meta":{"footnotes":""},"class_list":["post-341","page","type-page","status-publish","hentry"],"_links":{"self":[{"href":"https:\/\/akj.fr\/index.php?rest_route=\/wp\/v2\/pages\/341","targetHints":{"allow":["GET"]}}],"collection":[{"href":"https:\/\/akj.fr\/index.php?rest_route=\/wp\/v2\/pages"}],"about":[{"href":"https:\/\/akj.fr\/index.php?rest_route=\/wp\/v2\/types\/page"}],"author":[{"embeddable":true,"href":"https:\/\/akj.fr\/index.php?rest_route=\/wp\/v2\/users\/2"}],"replies":[{"embeddable":true,"href":"https:\/\/akj.fr\/index.php?rest_route=%2Fwp%2Fv2%2Fcomments&post=341"}],"version-history":[{"count":44,"href":"https:\/\/akj.fr\/index.php?rest_route=\/wp\/v2\/pages\/341\/revisions"}],"predecessor-version":[{"id":4268,"href":"https:\/\/akj.fr\/index.php?rest_route=\/wp\/v2\/pages\/341\/revisions\/4268"}],"wp:attachment":[{"href":"https:\/\/akj.fr\/index.php?rest_route=%2Fwp%2Fv2%2Fmedia&parent=341"}],"curies":[{"name":"wp","href":"https:\/\/api.w.org\/{rel}","templated":true}]}}