{"id":344,"date":"2013-01-27T03:11:00","date_gmt":"2013-01-27T02:11:00","guid":{"rendered":"http:\/\/s425924786.onlinehome.fr\/AKJ%202013\/?page_id=344"},"modified":"2019-12-04T20:35:39","modified_gmt":"2019-12-04T19:35:39","slug":"uam","status":"publish","type":"page","link":"https:\/\/akj.fr\/?page_id=344","title":{"rendered":"L&rsquo;UAM"},"content":{"rendered":"<p>&nbsp;<\/p>\n<p><a href=\"https:\/\/akj.fr\/wp-content\/uploads\/2013\/01\/universit\u00e9-UAM-2.jpg\"><img loading=\"lazy\" decoding=\"async\" src=\"https:\/\/akj.fr\/wp-content\/uploads\/2013\/01\/universit\u00e9-UAM-2.jpg\" alt=\"\" width=\"900\" height=\"900\" class=\"size-full wp-image-4131\" srcset=\"https:\/\/akj.fr\/wp-content\/uploads\/2013\/01\/universit\u00e9-UAM-2.jpg 900w, https:\/\/akj.fr\/wp-content\/uploads\/2013\/01\/universit\u00e9-UAM-2-595x595.jpg 595w, https:\/\/akj.fr\/wp-content\/uploads\/2013\/01\/universit\u00e9-UAM-2-768x768.jpg 768w, https:\/\/akj.fr\/wp-content\/uploads\/2013\/01\/universit\u00e9-UAM-2-50x50.jpg 50w\" sizes=\"auto, (max-width: 900px) 100vw, 900px\" \/><\/a><\/p>\n<p><strong>L\u2019Universit\u00e9 des Arts Martiaux (UAM)\u00a0<\/strong> est une association qui a pour but de regrouper des \u00c9coles d\u2019Arts Martiaux Traditionnels, de pr\u00e9server l\u2019esprit, les th\u00e9ories et les principes des Cr\u00e9ateurs.<br \/>\nL&rsquo;UAM attache un int\u00e9r\u00eat particulier \u00e0 l\u2019aspect art et culture, trop souvent laiss\u00e9 pour compte au profit du sport, du nombre et des styles.<br \/>\nSa structure, ind\u00e9pendante est id\u00e9alement con\u00e7ue pour \u00e9tudier et conserver nos contenus. Elle est rattach\u00e9e \u00e0 l&rsquo;EFJJT.<br \/>\nChaque \u00e9cole affili\u00e9e \u00e0 l\u2019UAM enseigne sa discipline sans transgresser les th\u00e9ories et les principes des Fondateurs de mani\u00e8re traditionnelle, tout en tenant compte du public, de la culture et de notre \u00e9poque.<\/p>\n<p>Nous proposons deux formes d\u2019\u00e9tude au travers de stages\u00a0<em><strong>unidisciplinaires<\/strong><\/em>\u00a0et\u00a0<em><strong>pluridisciplinaires<\/strong>.<\/em><\/p>\n<p>Les stages\u00a0<em>unidisciplinaires<\/em>\u00a0tentent de regrouper des pratiquants de<a href=\"https:\/\/akj.fr\/?page_id=347\"> diff\u00e9rents styles<\/a> ou tendances. Chacun peut ainsi apporter et partager son savoir-faire et ses sp\u00e9cificit\u00e9s dans l\u2019objectif de faire ressortir l\u2019essence commune de leur art.<\/p>\n<p>A l\u2019occasion de stages\u00a0<em>pluridisciplinaires<\/em>, les Arts martiaux &#8211; traditionnels et modernes, se rencontrent pour une pratique commune. Si la diversit\u00e9 peut pour certains \u00eatre source de tracas et d\u2019\u00e9parpillement, elle peut de m\u00eame \u00eatre source d\u2019enrichissement.<\/p>\n<p>La ligne directrice de nos stages repose sur\u00a0une recherche privil\u00e9giant l\u2019adaptabilit\u00e9, le sens critique ainsi que l&rsquo;ouverture d&rsquo;esprit pour une cohabitation martiale.<br \/>\nIl ne s\u2019agit pas de vouloir faire un savant m\u00e9lange ni de d\u00e9naturer les disciplines mais de chercher le lien entre les arts martiaux, ce qui les unit et non pas ce qui les oppose . Les objectifs sont ainsi d\u00e9finis :<\/p>\n<ul>\n<li>rester ouvert et au contact des autres Budo<\/li>\n<li>s\u2019enrichir des sp\u00e9cificit\u00e9s de chacun<\/li>\n<li>ressentir par des moyens d\u2019acc\u00e8s diff\u00e9rents des principes communs.<\/li>\n<li>Rechercher l\u2019unit\u00e9, la disponibilit\u00e9, la spontan\u00e9it\u00e9 avec des partenaires habitu\u00e9s \u00e0 une forme d\u2019entra\u00eenement donn\u00e9e et v\u00e9rifier nos acquis.<\/li>\n<\/ul>\n<p>Effectivement, ex\u00e9cuter par exemple, une technique comme Kotegaeshi, sur un Tsuki donn\u00e9 par un Karateka, ou sur une saisie d\u2019un Judoka, placera l\u2019A\u00efkidoka non pas dans une situation nouvelle, mais le sortira de certaines habitudes face \u00e0 des partenaires diff\u00e9rents, \u00ab\u00a0non format\u00e9s\u00a0\u00bb l\u2019obligeant \u00e0 d\u00e9velopper ses capacit\u00e9s d\u2019adaptation et exercer ses comp\u00e9tences dans sa discipline .<br \/>\nCette d\u00e9marche constitue une entraide mutuelle pour progresser.<\/p>\n<p>De grands ma\u00eetres tels que Jigoro Kano, fondateur du Judo et son Institut le Kodokan, <a href=\"https:\/\/akj.fr\/?page_id=345\">Morihei Ueshiba,<\/a> fondateur de l\u2019A\u00efkido, et du Kobukan, avaient bien compris que la richesse na\u00eet de la diversit\u00e9, \u00e0 condition d\u2019avoir comme rep\u00e8res <strong><em>des principes universels et intemporels.<\/em><\/strong><\/p>\n<p>Alain Buchheit<\/p>\n<p><iframe loading=\"lazy\" width=\"600\" height=\"350\" src=\"\/\/www.youtube.com\/embed\/xjQqXyKlJ_E\"><\/iframe><\/p>\n<p>&nbsp;<\/p>\n<p>&nbsp;<\/p>\n<p>&nbsp;<\/p>\n<p>&nbsp;<\/p>\n<p>&nbsp;<\/p>\n<p>&nbsp;<\/p>\n","protected":false},"excerpt":{"rendered":"<p>&nbsp; L\u2019Universit\u00e9 des Arts Martiaux (UAM)\u00a0 est une association qui a pour but de regrouper des \u00c9coles d\u2019Arts Martiaux Traditionnels, de pr\u00e9server l\u2019esprit, les th\u00e9ories et les principes des Cr\u00e9ateurs. L&rsquo;UAM attache un int\u00e9r\u00eat particulier \u00e0 l\u2019aspect art et culture, trop souvent laiss\u00e9 pour compte au profit du sport, du [&hellip;]<\/p>\n","protected":false},"author":2,"featured_media":2391,"parent":0,"menu_order":0,"comment_status":"closed","ping_status":"closed","template":"","meta":{"footnotes":""},"class_list":["post-344","page","type-page","status-publish","has-post-thumbnail","hentry"],"_links":{"self":[{"href":"https:\/\/akj.fr\/index.php?rest_route=\/wp\/v2\/pages\/344","targetHints":{"allow":["GET"]}}],"collection":[{"href":"https:\/\/akj.fr\/index.php?rest_route=\/wp\/v2\/pages"}],"about":[{"href":"https:\/\/akj.fr\/index.php?rest_route=\/wp\/v2\/types\/page"}],"author":[{"embeddable":true,"href":"https:\/\/akj.fr\/index.php?rest_route=\/wp\/v2\/users\/2"}],"replies":[{"embeddable":true,"href":"https:\/\/akj.fr\/index.php?rest_route=%2Fwp%2Fv2%2Fcomments&post=344"}],"version-history":[{"count":28,"href":"https:\/\/akj.fr\/index.php?rest_route=\/wp\/v2\/pages\/344\/revisions"}],"predecessor-version":[{"id":4842,"href":"https:\/\/akj.fr\/index.php?rest_route=\/wp\/v2\/pages\/344\/revisions\/4842"}],"wp:featuredmedia":[{"embeddable":true,"href":"https:\/\/akj.fr\/index.php?rest_route=\/wp\/v2\/media\/2391"}],"wp:attachment":[{"href":"https:\/\/akj.fr\/index.php?rest_route=%2Fwp%2Fv2%2Fmedia&parent=344"}],"curies":[{"name":"wp","href":"https:\/\/api.w.org\/{rel}","templated":true}]}}