{"id":347,"date":"2013-01-27T03:12:21","date_gmt":"2013-01-27T02:12:21","guid":{"rendered":"http:\/\/s425924786.onlinehome.fr\/AKJ%202013\/?page_id=347"},"modified":"2019-09-12T18:52:49","modified_gmt":"2019-09-12T17:52:49","slug":"les-differents-styles","status":"publish","type":"page","link":"https:\/\/akj.fr\/?page_id=347","title":{"rendered":"Les diff\u00e9rents styles de l&rsquo;A\u00efkido"},"content":{"rendered":"<p><strong><i><a href=\"https:\/\/akj.fr\/wp-content\/uploads\/2015\/07\/cropped-cropped-les-df\u00e9rents-styles.jpg\"><img loading=\"lazy\" decoding=\"async\" class=\"aligncenter size-full wp-image-2837\" src=\"https:\/\/akj.fr\/wp-content\/uploads\/2015\/07\/cropped-cropped-les-df\u00e9rents-styles.jpg\" alt=\"les-df\u00e9rents-styles-2.jpg\" width=\"1000\" height=\"277\" srcset=\"https:\/\/akj.fr\/wp-content\/uploads\/2015\/07\/cropped-cropped-les-df\u00e9rents-styles.jpg 1000w, https:\/\/akj.fr\/wp-content\/uploads\/2015\/07\/cropped-cropped-les-df\u00e9rents-styles-595x165.jpg 595w, https:\/\/akj.fr\/wp-content\/uploads\/2015\/07\/cropped-cropped-les-df\u00e9rents-styles-768x213.jpg 768w, https:\/\/akj.fr\/wp-content\/uploads\/2015\/07\/cropped-cropped-les-df\u00e9rents-styles-960x266.jpg 960w, https:\/\/akj.fr\/wp-content\/uploads\/2015\/07\/cropped-cropped-les-df\u00e9rents-styles-500x139.jpg 500w\" sizes=\"auto, (max-width: 1000px) 100vw, 1000px\" \/><\/a>Les cinq\u00a0styles majeurs<\/i><\/strong><\/p>\n<p>L\u2019A\u00efkido est un art que Morihei Ueshiba a d\u00e9velopp\u00e9 tout au long de sa vie. Ses Uchi-Deshi ont pu \u00eatre les t\u00e9moins privil\u00e9gi\u00e9s des diff\u00e9rentes \u00e9tapes de son \u00e9laboration et de son \u00e9volution.<br \/>\nCes Sensei se sont sentis investis de la mission de promouvoir cet h\u00e9ritage, mais il n\u2019en demeure pas moins que chacun a accompli son devoir influenc\u00e9 par ce qu\u2019il en avait compris, retenu et acquis, ainsi que par leurs ant\u00e9c\u00e9dents et bagage martial.<br \/>\nC\u2019est la raison pour laquelle diff\u00e9rents styles sont apparus, m\u00eame si le fond et l\u2019esprit de l\u2019A\u00efkido demeurent identiques.<br \/>\nChacun de ces sensei essaient de transmettre le message du Fondateur, chacun avec sa personnalit\u00e9, son v\u00e9cu et la compr\u00e9hension qu\u2019il a de l\u2019A\u00efkido.<\/p>\n<p>Aujourd\u2019hui, nous pouvons r\u00e9pertorier cinq grands courants ou <em>styles majeurs<\/em> auxquels viennent se rajouter <a href=\"https:\/\/akj.fr\/?page_id=2584\">diff\u00e9rentes tendances :<\/a><\/p>\n<p><b>Aikikai A\u00efkido Hombu Dojo (Centre mondial de l\u2019A\u00efkido \u00e0 Tokyo)<\/b><\/p>\n<p><a href=\"http:\/\/www.aikikai.or.jp\/\">w.aikikai.or.jp\/<\/a><\/p>\n<p><img loading=\"lazy\" decoding=\"async\" class=\"alignleft size-thumbnail wp-image-286\" src=\"https:\/\/akj.fr\/wp-content\/uploads\/2013\/01\/26.Style_.Moriteru.Ueshiba-150x150.jpg\" alt=\"26.Style.Moriteru.Ueshiba\" width=\"150\" height=\"150\" \/><\/p>\n<p>C\u2019est la \u00ab maison m\u00e8re \u00bb, l\u2019\u00e9cole du Fondateur, d\u00e9velopp\u00e9e par son fils Kissh\u00f4maru Ueshiba (1921 -1999).<br \/>\nLe style de l\u2019A\u00efkikai est celui que le Doshu a mis au point apr\u00e8s la guerre en accord avec son p\u00e8re.<br \/>\nA l\u2019heure actuelle, c\u2019est <strong><em>Moriteru Ueshiba<\/em><\/strong>, le petit-fils, qui en est l\u2019h\u00e9ritier et le 3\u00e8me Doshu (Ma\u00eetre de la Voie) depuis 1999.<br \/>\nLe style A\u00efkikai est le plus r\u00e9pandu \u00e0 travers le monde.<\/p>\n<div>\n<p><b>Yoshinkan<\/b><\/p>\n<p><a href=\"http:\/\/www.yoshinkan.net\/indexE.html\">w.yoshinkan.net<\/a><\/p>\n<p><img loading=\"lazy\" decoding=\"async\" class=\"alignleft wp-image-287 size-thumbnail\" src=\"https:\/\/akj.fr\/wp-content\/uploads\/2013\/01\/26.Style_.Gozo_.Shioda-150x150.jpg\" alt=\"26.Style.Gozo.Shioda\" width=\"150\" height=\"150\" \/><\/p>\n<p>&nbsp;<\/p>\n<p>L\u2019\u00e9cole Yoshinkan fut cr\u00e9\u00e9e en 1955 en accord avec O-Sensei par l\u2019un de ses \u00e9l\u00e8ves les plus \u00e9minents d\u2019avant-guerre, <strong><em>Gozo Shioda<\/em><\/strong> (1915 &#8211; 1994).<br \/>\nIl a \u00e9t\u00e9 uchi deshi d\u2019Ueshiba de 1932 \u00e0 1941 et reste une des personnalit\u00e9s marquantes de l\u2019\u00e9poque.<br \/>\nSon style est celui du Fondateur de la p\u00e9riode d\u2019avant-guerre.<br \/>\nIl a \u00e9norm\u00e9ment contribu\u00e9 \u00e0 faire conna\u00eetre l\u2019A\u00efkido apr\u00e8s la guerre au travers des nombreuses d\u00e9monstrations notamment au sein de la police.<br \/>\nEn 1963, il devient l\u2019entra\u00eeneur officiel de la police de Tokyo.<br \/>\nEn 1990 fut cr\u00e9\u00e9e la IYAF (International Yoshinkan Aikido Federation)<br \/>\nIl meurt en 1994 laissant la succession \u00e0 son fils Yasuhisa Shioda, qui devient le Kancho du Hombu Dojo Yoshinkan.<\/p>\n<div>\n<p><b>A\u00efkido de\u00a0la Soci\u00e9t\u00e9 de Ki<\/b><\/p>\n<p><a href=\"http:\/\/ki-aikido.net\/\">ki-aikido.net<\/a><\/p>\n<p><a href=\"http:\/\/www.shinichitohei.com\/english\">w.shinichitohei.com<\/a><\/p>\n<p><img loading=\"lazy\" decoding=\"async\" class=\"alignleft size-thumbnail wp-image-288\" src=\"https:\/\/akj.fr\/wp-content\/uploads\/2013\/01\/26.Style_.Kochi_.Tohei_-150x150.jpg\" alt=\"26.Style.Kochi.Tohei\" width=\"150\" height=\"150\" \/><\/p>\n<p>Cet A\u00efkido a \u00e9t\u00e9 mis au point par <strong><em>Koichi Tohei<\/em><\/strong> (1920-2011) et met l\u2019accent sur le principe du Ki.<br \/>\nIl comprend un syst\u00e8me de massage de points nerveux appel\u00e9 Kiatsu.<br \/>\nPratiquant d\u2019Aikibudo en 1939 au Kobukan Dojo avec O-Sensei, il part \u00e0 la guerre.<br \/>\nDe retour au Japon il reprend son entra\u00eenement avec le Fondateur et sera un des personnages marquants qui d\u00e9veloppera et r\u00e9pandra l\u2019A\u00efkido principalement \u00e0 Hawaii et aux Etats-Unis.<br \/>\nIl re\u00e7oit le 10\u00e8me Dan par l\u2019Aikikai Hombu Dojo en 1970 et en sera l\u2019instructeur en chef pendant de nombreuses ann\u00e9es, acceptant les conditions contraignantes de l\u2019A\u00efkikai.<br \/>\nEn 1974, il quitte la maison m\u00e8re qui refuse de le voir enseigner le principe du Ki et fonde le Shinshin Toitsu Aikidokai.<\/p>\n<div>\n<p><b>A\u00efkido Tomiki<\/b><\/p>\n<p><a href=\"http:\/\/homepage2.nifty.com\/shodokan\/fr\/index.html\">nifty.com\/shodokan\/fr<\/a><\/p>\n<p><img loading=\"lazy\" decoding=\"async\" class=\"alignleft size-thumbnail wp-image-289\" src=\"https:\/\/akj.fr\/wp-content\/uploads\/2013\/01\/26.Style_.Kenji_.Tomiki-150x150.jpg\" alt=\"26.Style.Kenji.Tomiki\" width=\"150\" height=\"150\" \/><\/p>\n<p><strong><em>Kenji Tomiki<\/em><\/strong> (1900 \u2013 1979) \u00e9tait l\u2019\u00e9l\u00e8ve tr\u00e8s dou\u00e9 des grands Ma\u00eetres Jigoro Kano (Judo) en\u00a0 1923 et Morihei Ueshiba en 1926 (A\u00efkido).<br \/>\nIl fut le 1er \u00e0 obtenir le 8\u00e8me Dan par O-Sensei en 1941, puis en 1964 le Kodokan lui d\u00e9cerne le 8\u00e8me Dan de Judo.<br \/>\nProfesseur d\u2019\u00e9ducation Physique \u00e0 l\u2019universit\u00e9 de Waseda, il exp\u00e9rimente et cr\u00e9e des syst\u00e8mes p\u00e9dagogiques qui permettront d\u2019int\u00e9grer la comp\u00e9tition dans l\u2019A\u00efkido.<br \/>\nAujourd\u2019hui, ce style continue \u00e0 se r\u00e9pandre \u00e0 travers le monde.<\/p>\n<p><b>Yoseikan<img loading=\"lazy\" decoding=\"async\" class=\"alignleft size-thumbnail wp-image-290\" src=\"https:\/\/akj.fr\/wp-content\/uploads\/2013\/01\/26.Style_.minoru.Mochizuki-150x150.jpg\" alt=\"26.Style.minoru.Mochizuki\" width=\"150\" height=\"150\" \/><\/b><\/p>\n<p><a href=\"http:\/\/www.budoyoseikan.com\">w.budoyoseikan.com<\/a><\/p>\n<p>Style d\u00e9velopp\u00e9 par <strong><em>Minoru Mochizuki<\/em><\/strong> (1907 \u2013 2003), \u00e9l\u00e8ve de Jigoro Kano, Fondateur du Judo et de Morihei Ueshiba, Fondateur de l\u2019A\u00efkido.<br \/>\nJigoro Kano le trouvant dou\u00e9 l\u2019enverra \u00e9tudier aupr\u00e8s d\u2019experts en Budos traditionnels.<br \/>\nC\u2019est ainsi qu\u2019il rentrera au Kobukan de Morihei Ueshiba en 1930, pour y \u00e9tudier le Daitoryu-A\u00efkijujutsu et l\u2019A\u00efki-Budo.<br \/>\nSon style est celui de O-Sensei des ann\u00e9es 1930 ; son syst\u00e8me d\u2019enseignement inclut les katas et les sutemis de l\u2019\u00e9cole Gyokoshin-Ryu.<br \/>\nIl sera le premier \u00e0 introduire et initier les Fran\u00e7ais \u00e0 l\u2019A\u00efkido en 1951.<br \/>\nL\u2019appellation deviendra A\u00efkido Yoseikan ou A\u00efkido Mochizuki dans les ann\u00e9es qui suivront.<br \/>\n<strong>A\u00efkibudo \u00a0<\/strong><\/p>\n<p><a title=\"w.aikibudo\" href=\"http:\/\/www.aikibudo.com\">w.aikibudo.com<\/a><strong><a title=\"w.aikibudo\" href=\"http:\/\/www.aikibudo.com\">\u00a0<\/a> \u00a0 \u00a0\u00a0<\/strong><br \/>\nEn 1980, Alain Floquet, en accord avec Minoru Mochizuki r\u00e9introduit le terme A\u00efkibudo (en un seul mot).<br \/>\nL\u2019A\u00efkibudo est une des composantes de\u00a0la FFAAA (F\u00e9d\u00e9ration Fran\u00e7aise d\u2019A\u00efkido A\u00efkibudo et Affinitaires). Le directeur technique est Alain Floquet.<br \/>\nCe courant int\u00e8gre l\u2019A\u00efkido Yoseikan, le Daitoryu-A\u00efkijujutsu, le Katori Shinto-ryu et le Iai-Jutsu Yoseikan.<br \/>\n<strong>Yoseikan budo<\/strong><br \/>\nCr\u00e9ation du Yoseikan budo par Hiroo Mochizuki (son fils) au d\u00e9but des ann\u00e9es 70.<\/p>\n<p><a href=\"https:\/\/www.ffkarate.fr\/yoseikan-budo\/\">w.ffkarate.fr<\/a><\/p>\n<p>&nbsp;<\/p>\n<p><em><strong>Des regroupements autour d&rsquo;un sensei<\/strong><\/em><\/p>\n<p>Des Senseis issus de l&rsquo;A\u00efkikai charg\u00e9s de transmettre leur art en France et partout dans le monde, ont \u00e9t\u00e9 amen\u00e9s \u00e0 cr\u00e9er des organisations internationales afin de pouvoir rassembler leurs pratiquants. Elles sont pour la plupart affili\u00e9es \u00e0 la maison m\u00e8re de l&rsquo;A\u00efkikai. C&rsquo;est ainsi que nous pouvons trouver:<\/p>\n<ul style=\"list-style-type: circle;\">\n<li><a href=\"http:\/\/www.ena-aikido.com\">Ecole Nationale d&rsquo;A\u00efkido FFAB<\/a> issue de l&rsquo;enseignement de Nobuyoshi Tamura<\/li>\n<li><a href=\"http:\/\/www.birankai.eu\">Birankai Europe\u00a0<\/a>\u00a0de l&rsquo;enseignement de Kazuo Chiba<\/li>\n<li><a href=\"http:\/\/www.aiatj.com\">AIATJ<\/a> de l&rsquo;enseignement de Michio Hikitsuchi<\/li>\n<li><a href=\"http:\/\/www.sakuraaikikai.com\">Sakura A\u00efkikai<\/a> de l&rsquo;enseignement de Shoji Nishio<\/li>\n<li><a href=\"http:\/\/www.asu.org\">A\u00efkido School of Ueshiba<\/a> de l&rsquo;enseignement de Mitsuki Saotome . <a href=\"http:\/\/www.aikido-harmonie.com\">Aikido Harmonie<\/a><\/li>\n<li><a href=\"http:\/\/www.aikido-yamada.eu\">Sansuikai Europe International <\/a>de l&rsquo;enseignement de Yoshimitsu Yamada<\/li>\n<li><a href=\"https:\/\/iwamashinshinaikido.com\">Iwama shinshin Aikishurenkai\u00a0<\/a>\u00a0 de l&rsquo;enseignement de Hitohiro Saito, le fils de Morihiro Saito<\/li>\n<li><a href=\"http:\/\/www.3aikido.org\">Acad\u00e9mie Autonome d&rsquo;A\u00efkido Kobayashi Hirokazu<\/a> de l&rsquo;enseignement de Kobayashi<\/li>\n<\/ul>\n<p>A suivre dans le prochain article un aper\u00e7u sur les nombreuses <a href=\"https:\/\/akj.fr\/?page_id=2584\">organisations, groupes et tendances que l&rsquo;on trouve en France.<\/a><\/p>\n<p>____________________________________________<\/p>\n<p>L\u2019appellation A\u00efki-Budo d\u00e9signe de nombreuses \u00e9coles caract\u00e9ristiques des \u00e9l\u00e8ves de O-Sensei pendant la p\u00e9riode d\u2019avant-guerre.<\/p>\n<p>&#8211;<strong><em>Otsuki Yutaka<\/em><\/strong> (Otsuki-Ryu) : Il a tout d\u2019abord \u00e9tudi\u00e9 le Daito-Ryu A\u00efkijujutsu avec Sokaku Takeda.<br \/>\nIl a ensuite enseign\u00e9 la calligraphie \u00e0 Seiseki Abe, qui \u00e9tait alors \u00e9l\u00e8ve de Morihei Ueshiba<\/p>\n<p><img loading=\"lazy\" decoding=\"async\" class=\"alignleft size-thumbnail wp-image-291\" src=\"https:\/\/akj.fr\/wp-content\/uploads\/2013\/01\/Inoue.Noriaki.styles-150x150.jpg\" alt=\"Inoue.Noriaki.styles\" width=\"150\" height=\"150\" \/><em>Noriaki Inoue<\/em><\/p>\n<p>&#8211;<strong><em>Noriaki Inoue<\/em><\/strong>\u00a0(1902 &#8211; 1994) : neveu de Morihei Ueshiba, il a suivi le fondateur depuis 1920.<br \/>\nIl a collabor\u00e9 avec son oncle \u00e0 la promotion de l\u2019A\u00efki-Budo pendant la p\u00e9riode d\u2019avant-guerre.<br \/>\nSon art porte le nom d\u2019A\u00efki Budo jusqu\u2019en 1956. Puis, il deviendra Shinwa Taido, et Shin\u2019ei Taido.<\/p>\n<p><img loading=\"lazy\" decoding=\"async\" class=\"alignleft size-thumbnail wp-image-292\" src=\"https:\/\/akj.fr\/wp-content\/uploads\/2013\/01\/Hirai.Minoru.styles-150x150.jpg\" alt=\"Hirai.Minoru.styles\" width=\"150\" height=\"150\" \/> <em>Minoru Hirai<\/em><\/p>\n<p>&#8211;<strong><em>Minoru Hirai<\/em><\/strong>\u00a0(1903 \u2013 1998) : il rencontre Morihei<br \/>\nUeshiba en 1939, et poss\u00e8de d\u00e9j\u00e0 une exp\u00e9rience dans le domaine des arts martiaux.<br \/>\nIl avait d\u00e9j\u00e0 fond\u00e9 son propre style, le Korindo Budo. Il repr\u00e9sente l\u2019A\u00efki Budo au sein du Nihon Butokukai en 1942.<br \/>\nIl jouera un r\u00f4le important dans le changement de l\u2019appellation A\u00efki Budo en A\u00efkido.<\/p>\n<p>&nbsp;<\/p>\n<p>&nbsp;<\/p>\n<p>&nbsp;<\/p>\n<div><\/div>\n<p>&nbsp;<\/p>\n<\/div>\n<\/div>\n<h2><b><a name=\"_Toc193512117\"><\/a><\/b><\/h2>\n<\/div>\n","protected":false},"excerpt":{"rendered":"<p>Les cinq\u00a0styles majeurs L\u2019A\u00efkido est un art que Morihei Ueshiba a d\u00e9velopp\u00e9 tout au long de sa vie. Ses Uchi-Deshi ont pu \u00eatre les t\u00e9moins privil\u00e9gi\u00e9s des diff\u00e9rentes \u00e9tapes de son \u00e9laboration et de son \u00e9volution. Ces Sensei se sont sentis investis de la mission de promouvoir cet h\u00e9ritage, mais [&hellip;]<\/p>\n","protected":false},"author":2,"featured_media":0,"parent":0,"menu_order":0,"comment_status":"closed","ping_status":"closed","template":"","meta":{"footnotes":""},"class_list":["post-347","page","type-page","status-publish","hentry"],"_links":{"self":[{"href":"https:\/\/akj.fr\/index.php?rest_route=\/wp\/v2\/pages\/347","targetHints":{"allow":["GET"]}}],"collection":[{"href":"https:\/\/akj.fr\/index.php?rest_route=\/wp\/v2\/pages"}],"about":[{"href":"https:\/\/akj.fr\/index.php?rest_route=\/wp\/v2\/types\/page"}],"author":[{"embeddable":true,"href":"https:\/\/akj.fr\/index.php?rest_route=\/wp\/v2\/users\/2"}],"replies":[{"embeddable":true,"href":"https:\/\/akj.fr\/index.php?rest_route=%2Fwp%2Fv2%2Fcomments&post=347"}],"version-history":[{"count":39,"href":"https:\/\/akj.fr\/index.php?rest_route=\/wp\/v2\/pages\/347\/revisions"}],"predecessor-version":[{"id":4789,"href":"https:\/\/akj.fr\/index.php?rest_route=\/wp\/v2\/pages\/347\/revisions\/4789"}],"wp:attachment":[{"href":"https:\/\/akj.fr\/index.php?rest_route=%2Fwp%2Fv2%2Fmedia&parent=347"}],"curies":[{"name":"wp","href":"https:\/\/api.w.org\/{rel}","templated":true}]}}