{"id":3609,"date":"2017-10-24T18:42:13","date_gmt":"2017-10-24T17:42:13","guid":{"rendered":"http:\/\/akj.fr\/?page_id=3609"},"modified":"2025-01-14T18:38:28","modified_gmt":"2025-01-14T17:38:28","slug":"hestia-front","status":"publish","type":"page","link":"https:\/\/akj.fr\/","title":{"rendered":"Front Page"},"content":{"rendered":"\n<p><strong>Vous trouverez toutes les informations n\u00e9cessaires sur le club, mais aussi des renseignements d&rsquo;ordre plus g\u00e9n\u00e9ral sur l\u2019A\u00efkido et les diff\u00e9rentes activit\u00e9s que nous proposons. Bonne visite et pour plus d&rsquo;information, n&rsquo;h\u00e9sitez pas \u00e0 nous contacter.<\/strong><\/p>\n\n\n\n<p><strong>Dans cette video:&nbsp;les diff\u00e9rents ateliers.<\/strong><\/p>\n\n\n\n<figure class=\"wp-block-embed is-type-video is-provider-youtube wp-block-embed-youtube wp-embed-aspect-16-9 wp-has-aspect-ratio\"><div class=\"wp-block-embed__wrapper\">\n<iframe loading=\"lazy\" title=\"Activite\u0301s Ai\u0308kido AKJ 2\" width=\"750\" height=\"422\" src=\"https:\/\/www.youtube.com\/embed\/LTDzxv24kuM?feature=oembed\" frameborder=\"0\" allow=\"accelerometer; autoplay; clipboard-write; encrypted-media; gyroscope; picture-in-picture; web-share\" referrerpolicy=\"strict-origin-when-cross-origin\" allowfullscreen><\/iframe>\n<\/div><\/figure>\n\n\n\n<figure class=\"wp-block-gallery has-nested-images columns-default is-cropped wp-block-gallery-1 is-layout-flex wp-block-gallery-is-layout-flex\"><\/figure>\n\n\n\n<figure class=\"wp-block-gallery has-nested-images columns-default is-cropped wp-block-gallery-2 is-layout-flex wp-block-gallery-is-layout-flex\"><\/figure>\n","protected":false},"excerpt":{"rendered":"<p>Vous trouverez toutes les informations n\u00e9cessaires sur le club, mais aussi des renseignements d&rsquo;ordre plus g\u00e9n\u00e9ral sur l\u2019A\u00efkido et les diff\u00e9rentes activit\u00e9s que nous proposons. Bonne visite et pour plus d&rsquo;information, n&rsquo;h\u00e9sitez pas \u00e0 nous contacter. Dans cette video:&nbsp;les diff\u00e9rents ateliers.<\/p>\n","protected":false},"author":2,"featured_media":5134,"parent":0,"menu_order":0,"comment_status":"closed","ping_status":"closed","template":"","meta":{"footnotes":""},"class_list":["post-3609","page","type-page","status-publish","has-post-thumbnail","hentry"],"_links":{"self":[{"href":"https:\/\/akj.fr\/index.php?rest_route=\/wp\/v2\/pages\/3609","targetHints":{"allow":["GET"]}}],"collection":[{"href":"https:\/\/akj.fr\/index.php?rest_route=\/wp\/v2\/pages"}],"about":[{"href":"https:\/\/akj.fr\/index.php?rest_route=\/wp\/v2\/types\/page"}],"author":[{"embeddable":true,"href":"https:\/\/akj.fr\/index.php?rest_route=\/wp\/v2\/users\/2"}],"replies":[{"embeddable":true,"href":"https:\/\/akj.fr\/index.php?rest_route=%2Fwp%2Fv2%2Fcomments&post=3609"}],"version-history":[{"count":32,"href":"https:\/\/akj.fr\/index.php?rest_route=\/wp\/v2\/pages\/3609\/revisions"}],"predecessor-version":[{"id":6149,"href":"https:\/\/akj.fr\/index.php?rest_route=\/wp\/v2\/pages\/3609\/revisions\/6149"}],"wp:featuredmedia":[{"embeddable":true,"href":"https:\/\/akj.fr\/index.php?rest_route=\/wp\/v2\/media\/5134"}],"wp:attachment":[{"href":"https:\/\/akj.fr\/index.php?rest_route=%2Fwp%2Fv2%2Fmedia&parent=3609"}],"curies":[{"name":"wp","href":"https:\/\/api.w.org\/{rel}","templated":true}]}}