{"id":407,"date":"2013-02-02T03:05:05","date_gmt":"2013-02-02T02:05:05","guid":{"rendered":"http:\/\/s425924786.onlinehome.fr\/AKJ%202013\/?page_id=407"},"modified":"2025-11-27T16:25:21","modified_gmt":"2025-11-27T15:25:21","slug":"le-club","status":"publish","type":"page","link":"https:\/\/akj.fr\/?page_id=407","title":{"rendered":"Le Club"},"content":{"rendered":"<p><a href=\"https:\/\/akj.fr\/wp-content\/uploads\/2014\/04\/cropped-cropped-IMG_0507.jpg\"><img loading=\"lazy\" decoding=\"async\" class=\"aligncenter size-full wp-image-2830\" src=\"https:\/\/akj.fr\/wp-content\/uploads\/2014\/04\/cropped-cropped-IMG_0507.jpg\" alt=\"club-bamdeau-100x287.jpg\" width=\"1000\" height=\"287\" srcset=\"https:\/\/akj.fr\/wp-content\/uploads\/2014\/04\/cropped-cropped-IMG_0507.jpg 1000w, https:\/\/akj.fr\/wp-content\/uploads\/2014\/04\/cropped-cropped-IMG_0507-595x171.jpg 595w, https:\/\/akj.fr\/wp-content\/uploads\/2014\/04\/cropped-cropped-IMG_0507-768x220.jpg 768w, https:\/\/akj.fr\/wp-content\/uploads\/2014\/04\/cropped-cropped-IMG_0507-960x276.jpg 960w, https:\/\/akj.fr\/wp-content\/uploads\/2014\/04\/cropped-cropped-IMG_0507-500x144.jpg 500w\" sizes=\"auto, (max-width: 1000px) 100vw, 1000px\" \/><\/a>Le club pr\u00e9sent depuis 1984 (<em> appel\u00e9 \u00e0 ses d\u00e9buts CAN club\u00a0d\u2019A\u00efkido\u00a0Ni\u00e7ois<\/em> ) est l&rsquo;un des premiers clubs d\u2019A\u00efkido cr\u00e9es \u00e0 Nice, plus de 35 ans d&rsquo;exp\u00e9rience au service du sport, des Arts Martiaux et de l&rsquo;A\u00efkido.<\/p>\n<p><em>D\u00e9couvrez l&rsquo;A\u00efkido un Art Martial japonais et venez nous rejoindre pour deux cours d&rsquo;essai gratuit.<\/em><\/p>\n<p><strong>Adresse<\/strong>\u00a0: 20 rue Fran\u00e7ois Aune 06000 Nice<\/p>\n<p><iframe src=\"https:\/\/www.google.com\/maps\/embed?pb=!1m14!1m8!1m3!1d23075.717194872377!2d7.255096!3d43.700892!3m2!1i1024!2i768!4f13.1!3m3!1m2!1s0x12cdd00e3a393cbf%3A0x686c156a1fd37230!2s20%20Rue%20Fran%C3%A7ois%20Aune%2C%2006000%20Nice!5e0!3m2!1sfr!2sfr!4v1764256677207!5m2!1sfr!2sfr\" width=\"600\" height=\"450\" style=\"border:0;\" allowfullscreen=\"\" loading=\"lazy\" referrerpolicy=\"no-referrer-when-downgrade\"><\/iframe>Situ\u00e9 \u00e0 700 m de la gare SNCF<\/p>\n<p>Tramway ligne 2 : station Alsace-Lorraine \u00e0 400 m du club ( 5 mn \u00e0 pied )<\/p>\n<p>Station V\u00e9los Bleus juste \u00e0 la porte du Dojo.<\/p>\n<p><strong>Renseignements<\/strong>\u00a0: 06 20 35 14 38<\/p>\n<p><strong><em>JOURS ET HORAIRES DES COURS<\/em><\/strong><\/p>\n<p><strong><em>Section A\u00efkido adultes<\/em> :<\/strong><br \/>\n<strong>Lundi<\/strong>\u00a0:\u00a0\u00a0<strong>19h30 &#8211; 21h30<\/strong><\/p>\n<ul>\n<li style=\"text-align: left;\">A\u00efkido \/ A\u00efkikenjo\u00a0 \u00a0 \u00a0 19h30 &#8211; 21h00<\/li>\n<li style=\"text-align: left;\">Pr\u00e9paration grades\u00a0 \u00a0 21h00 &#8211; 21h30 (optionnel)<\/li>\n<\/ul>\n<p><strong>Mardi : 10h00 &#8211; 11h00<\/strong><\/p>\n<ul>\n<li style=\"text-align: left;\">A\u00efkitaiso<\/li>\n<\/ul>\n<p style=\"text-align: left;\"><strong>Mercredi : 12h30 &#8211; 13h30\u00a0 \u00a0 \u00a0 \u00a0 \u00a0 \u00a0 \u00a0 \u00a0 \u00a0 \u00a0 \u00a0 \u00a0 \u00a0 \u00a0 \u00a0 \u00a0 \u00a0 \u00a0 \u00a0 \u00a0 \u00a0 \u00a0 \u00a0 \u00a0 \u00a0 \u00a0 \u00a0 \u00a0 \u00a0 \u00a0 \u00a0 \u00a0 \u00a0 \u00a0 \u00a0 \u00a0 \u00a0 \u00a0 \u00a0 \u00a0 \u00a0<\/strong><\/p>\n<ul>\n<li>Self-D\u00e9fense<\/li>\n<\/ul>\n<p><strong>Jeudi<\/strong><strong>\u00a0:<\/strong> <strong>18h30 &#8211; 21h30<\/strong><\/p>\n<ul>\n<li style=\"text-align: left;\">A\u00efkido ( ados )\u00a0 \u00a0 \u00a0 \u00a0 \u00a0 \u00a0 18h30 &#8211; 19h30<\/li>\n<li style=\"text-align: left;\">A\u00efkido\u00a0 \/ A\u00efki-kenjo\u00a0 \u00a0 19h30 &#8211; 21h00<\/li>\n<li style=\"text-align: left;\">Pr\u00e9paration grades\u00a0 \u00a0 21h00 &#8211; 21h30 (optionnel)<\/li>\n<\/ul>\n<p><strong>Samedi : 14h00 &#8211; 16h00<\/strong><\/p>\n<ul>\n<li style=\"text-align: left;\">A\u00efki-taiso \u00a0 \u00a0 \u00a0 \u00a0 \u00a0 \u00a0 \u00a0 \u00a0 \u00a0 \u00a014h00 &#8211; 15h00<\/li>\n<li style=\"text-align: left;\">A\u00efki-tanren \u00a0 \u00a0 \u00a0 \u00a0 \u00a0 \u00a0 \u00a0 \u00a0 15h00 &#8211; 16h00<\/li>\n<\/ul>\n<p><em><strong>Section Self-d\u00e9fense :<\/strong><\/em><br \/>\nCours de Self-d\u00e9fense, un dimanche matin par mois .<\/p>\n<p><strong><em>Section A\u00efki-ken A\u00efki-jo :<\/em><\/strong><\/p>\n<p style=\"text-align: left;\">Cours A\u00efki-kenjo, un dimanche matin par mois.<\/p>\n<p><strong>Adh\u00e9sion et cotisations<\/strong><\/p>\n<p>Adh\u00e9sion annuelle : 48\u20ac<\/p>\n<p>Cotisation mensuelle : 35\u20ac (adultes) \/ 20\u20ac (ados)<\/p>\n<p>Cotisation annuelle : 300\u20ac (adultes)<\/p>\n<p><i>Les cours sont dispens\u00e9s par Alain Buchheit<\/i><\/p>\n<div>\n<p><b><a href=\"https:\/\/akj.fr\/wp-content\/uploads\/2012\/12\/02.Le-Club.Alain-Buchheit.jpg\"><img loading=\"lazy\" decoding=\"async\" class=\"alignnone size-full wp-image-297\" src=\"https:\/\/akj.fr\/wp-content\/uploads\/2012\/12\/02.Le-Club.Alain-Buchheit.jpg\" alt=\"02.Le Club.Alain Buchheit\" width=\"244\" height=\"216\" \/><\/a><\/b><\/p>\n<p><b>BUCHHEIT Alain:<\/b>\u00a0Le Professeur<\/p>\n<ul style=\"list-style-type: circle;\">\n<li>Dipl\u00f4m\u00e9 d&rsquo;\u00e9tat A\u00efkido (BEES )<\/li>\n<li>Dipl\u00f4m\u00e9 d&rsquo;\u00e9tat Activit\u00e9s Physiques pour tous (BEESAPT )<\/li>\n<li>Educateur territorial des activit\u00e9s physiques et sportives (ETAPS)<\/li>\n<li>Dipl\u00f4m\u00e9 AIKIKAI (Ecole d&rsquo;A\u00efkido japonaise )<\/li>\n<li>Dipl\u00f4m\u00e9 IFNB (F\u00e9d\u00e9ration Internationale de Budo Japonais)<\/li>\n<li>Responsable PACA de L&rsquo;UAM (Universit\u00e9 des Arts Martiaux )<\/li>\n<\/ul>\n<p>Pour plus d&rsquo;informations : <strong><a title=\"Contact\" href=\"https:\/\/akj.fr\/?p=977\">nous contacter<\/a><\/strong><\/p>\n<p><strong><\/strong><\/p>\n<\/div>\n<div>\n<h2 style=\"text-align: left;\"><em> <a href=\"https:\/\/akj.fr\/wp-content\/uploads\/2024\/01\/Flyer-3.png\"><img loading=\"lazy\" decoding=\"async\" src=\"https:\/\/akj.fr\/wp-content\/uploads\/2024\/01\/Flyer-3.png\" alt=\"\" width=\"306\" height=\"553\" class=\"size-full wp-image-6077 alignleft\" srcset=\"https:\/\/akj.fr\/wp-content\/uploads\/2024\/01\/Flyer-3.png 306w, https:\/\/akj.fr\/wp-content\/uploads\/2024\/01\/Flyer-3-166x300.png 166w\" sizes=\"auto, (max-width: 306px) 100vw, 306px\" \/><\/a><\/em><\/h2>\n<div><\/div>\n<\/div>\n","protected":false},"excerpt":{"rendered":"<p>Le club pr\u00e9sent depuis 1984 ( appel\u00e9 \u00e0 ses d\u00e9buts CAN club\u00a0d\u2019A\u00efkido\u00a0Ni\u00e7ois ) est l&rsquo;un des premiers clubs d\u2019A\u00efkido cr\u00e9es \u00e0 Nice, plus de 35 ans d&rsquo;exp\u00e9rience au service du sport, des Arts Martiaux et de l&rsquo;A\u00efkido. D\u00e9couvrez l&rsquo;A\u00efkido un Art Martial japonais et venez nous rejoindre pour deux cours [&hellip;]<\/p>\n","protected":false},"author":2,"featured_media":0,"parent":0,"menu_order":0,"comment_status":"closed","ping_status":"closed","template":"","meta":{"footnotes":""},"class_list":["post-407","page","type-page","status-publish","hentry"],"_links":{"self":[{"href":"https:\/\/akj.fr\/index.php?rest_route=\/wp\/v2\/pages\/407","targetHints":{"allow":["GET"]}}],"collection":[{"href":"https:\/\/akj.fr\/index.php?rest_route=\/wp\/v2\/pages"}],"about":[{"href":"https:\/\/akj.fr\/index.php?rest_route=\/wp\/v2\/types\/page"}],"author":[{"embeddable":true,"href":"https:\/\/akj.fr\/index.php?rest_route=\/wp\/v2\/users\/2"}],"replies":[{"embeddable":true,"href":"https:\/\/akj.fr\/index.php?rest_route=%2Fwp%2Fv2%2Fcomments&post=407"}],"version-history":[{"count":80,"href":"https:\/\/akj.fr\/index.php?rest_route=\/wp\/v2\/pages\/407\/revisions"}],"predecessor-version":[{"id":6232,"href":"https:\/\/akj.fr\/index.php?rest_route=\/wp\/v2\/pages\/407\/revisions\/6232"}],"wp:attachment":[{"href":"https:\/\/akj.fr\/index.php?rest_route=%2Fwp%2Fv2%2Fmedia&parent=407"}],"curies":[{"name":"wp","href":"https:\/\/api.w.org\/{rel}","templated":true}]}}