{"id":414,"date":"2013-02-02T03:09:54","date_gmt":"2013-02-02T02:09:54","guid":{"rendered":"http:\/\/s425924786.onlinehome.fr\/AKJ%202013\/?page_id=414"},"modified":"2018-09-08T16:19:16","modified_gmt":"2018-09-08T15:19:16","slug":"aikido","status":"publish","type":"page","link":"https:\/\/akj.fr\/?page_id=414","title":{"rendered":"L&rsquo;A\u00efkido"},"content":{"rendered":"<p><strong><a href=\"https:\/\/akj.fr\/wp-content\/uploads\/2015\/07\/cropped-cropped-kanji.horizontal.jpg\"><img loading=\"lazy\" decoding=\"async\" class=\"aligncenter size-full wp-image-2836\" src=\"https:\/\/akj.fr\/wp-content\/uploads\/2015\/07\/cropped-cropped-kanji.horizontal.jpg\" alt=\"kanji.horizontal-2.jpg\" width=\"1000\" height=\"280\" srcset=\"https:\/\/akj.fr\/wp-content\/uploads\/2015\/07\/cropped-cropped-kanji.horizontal.jpg 1000w, https:\/\/akj.fr\/wp-content\/uploads\/2015\/07\/cropped-cropped-kanji.horizontal-595x167.jpg 595w, https:\/\/akj.fr\/wp-content\/uploads\/2015\/07\/cropped-cropped-kanji.horizontal-768x215.jpg 768w, https:\/\/akj.fr\/wp-content\/uploads\/2015\/07\/cropped-cropped-kanji.horizontal-960x269.jpg 960w, https:\/\/akj.fr\/wp-content\/uploads\/2015\/07\/cropped-cropped-kanji.horizontal-500x140.jpg 500w\" sizes=\"auto, (max-width: 1000px) 100vw, 1000px\" \/><\/a>AI &#8211;\u00a0<\/strong>Union , unification , harmonie , concordance<\/p>\n<p><em id=\"__mceDel\"><a href=\"https:\/\/akj.fr\/wp-content\/uploads\/2013\/01\/03.Aikido.Ai1_.gif\"><img loading=\"lazy\" decoding=\"async\" class=\"alignnone size-full wp-image-398\" src=\"https:\/\/akj.fr\/wp-content\/uploads\/2013\/01\/03.Aikido.Ai1_.gif\" alt=\"03.Aikido.Ai1\" width=\"86\" height=\"68\" \/><\/a> <\/em><\/p>\n<p><strong>KI &#8211;\u00a0<\/strong>Energie vitale , cosmique , universelle<br \/>\n<img loading=\"lazy\" decoding=\"async\" class=\"alignleft size-full wp-image-2364\" src=\"https:\/\/akj.fr\/wp-content\/uploads\/2013\/02\/aikido-ki-1.jpg\" alt=\"aikido-ki -1\" width=\"80\" height=\"63\" \/><\/p>\n<p>&nbsp;<\/p>\n<p>&nbsp;<\/p>\n<p>&nbsp;<\/p>\n<p>&nbsp;<\/p>\n<p><strong>DO &#8211;\u00a0<\/strong>Chemin , voie , recherche , tao<img loading=\"lazy\" decoding=\"async\" class=\"alignleft size-full wp-image-401\" src=\"https:\/\/akj.fr\/wp-content\/uploads\/2013\/01\/03.Aikido.Do1_.gif\" alt=\"03.Aikido.Do1\" width=\"86\" height=\"81\" \/><\/p>\n<p>&nbsp;<\/p>\n<p>&nbsp;<\/p>\n<p>L\u2019A\u00efkido est un Budo japonais, d\u00e9velopp\u00e9 par <a title=\"Le Fondateur\" href=\"https:\/\/akj.fr\/?page_id=333\">Ma\u00eetre Morihei Ueshiba (1883-1969)<\/a> au d\u00e9but des ann\u00e9es 1940, inspir\u00e9 des m\u00e9thodes de combat du Ju jutsu ancien. O-Sensei Morihei Ueshiba ouvrit sa pratique \u00e0 des notions plus modernes et tourn\u00e9es vers l&rsquo;avenir. Il qualifie son art comme \u00e9tant \u00ab la Voie de l\u2019Unit\u00e9 avec le Ki \u00bb.<\/p>\n<p>C\u2019est un Art de d\u00e9fense, caract\u00e9ris\u00e9 par ses d\u00e9placements, ses techniques de projections, de cl\u00e9s et d\u2019immobilisations, reposant sur les lois naturelles du cercle et de la spirale.<br \/>\nEn pratique, l&rsquo;A\u00efkidoka neutralise l&rsquo;agression en utilisant des techniques diversifi\u00e9es toutes visant \u00e0 la ma\u00eetrise de l\u2019adversaire sans entrer en opposition avec lui.<\/p>\n<ul>\n<li>Techniques \u00e0 mains nues avec un ou plusieurs adversaires, arm\u00e9s ou non<\/li>\n<li>Techniques au sabre ou au b\u00e2tonTechniques de concentration et de respiration<\/li>\n<\/ul>\n<p><strong>Les composantes de l&rsquo;A\u00efkido :<\/strong><\/p>\n<p><a title=\"Le Fondateur\" href=\"https:\/\/akj.fr\/?page_id=333\"> Morihei Ueshiba (1883 \u2013 1969)<\/a> \u00e9tait un Budoka et un homme aux convictions religieuses profondes.<br \/>\nCes deux caract\u00e9ristiques de sa personnalit\u00e9 seront les ingr\u00e9dients de son Art martial.<\/p>\n<p><strong>Influences martiales<\/strong><br \/>\nDe tous les Bu Jutsu qu\u2019il ma\u00eetrisa, Me Ueshiba\u00a0 en a retenu les aspects les plus marquants pour les int\u00e9grer et les transposer dans sa propre m\u00e9thode.<br \/>\nAinsi donc, il gardera :<\/p>\n<ul>\n<li>du Ju-jutsu, le principe de la souplesse \u00ab Ju \u00bb<\/li>\n<li>du Ken Jutsu, l\u2019art du d\u00e9placement et de l\u2019esquive, le mouvement des mains<\/li>\n<li>du So Jutsu, le principe du d\u00e9bordement \u00ab Irimi \u00bb<\/li>\n<li>de l&rsquo;A\u00efki Jutsu, de l\u2019\u00e9cole Daito, les techniques guerri\u00e8res et le principe \u00ab a\u00efki \u00bb<\/li>\n<li><img loading=\"lazy\" decoding=\"async\" class=\"size-full wp-image-213 aligncenter\" src=\"https:\/\/akj.fr\/wp-content\/uploads\/2013\/01\/04.Historique.Influences.jpg\" alt=\"04.Historique.Influences\" width=\"360\" height=\"318\" \/>\n<div>\n<p><strong>Influences spirituelles<\/strong><\/p>\n<ul>\n<li>Shinto, Bouddhisme Zen, Koto-Tama<\/li>\n<\/ul>\n<p>Surtout Omoto-Kyo , synth\u00e8se entre le Shinto\u00efsme japonais, le Bouddhisme\u00a0chinois, le chamanisme tib\u00e9tain r\u00e9alis\u00e9e par le R\u00e9v\u00e9rend Degushi.<\/p>\n<p><img loading=\"lazy\" decoding=\"async\" class=\"aligncenter size-full wp-image-214\" src=\"https:\/\/akj.fr\/wp-content\/uploads\/2013\/01\/04.Historique.Degushi.jpg\" alt=\"04.Historique.Degushi\" width=\"168\" height=\"266\" \/><\/p>\n<p>1925 : fin de la qu\u00eate d\u2019Ueshiba qui a re\u00e7u l\u2019illumination et compris le sens de sa recherche. Naissance du futur \u00abA\u00efki-Do\u00bb, un art martial spiritualis\u00e9 qu\u2019il n\u2019aura de cesse de perfectionner et d\u2019exp\u00e9rimenter .<\/p>\n<p><strong>L&rsquo;A\u00efkido pour tous<\/strong>\u00a0:<\/p>\n<div>\n<p>L&rsquo;A\u00efkido est une discipline qui s&rsquo;adresse \u00e0 tous les publics; les enfants, les adultes hommes et femmes et les seniors.<br \/>\n<em><strong>Les enfants\u00a0<\/strong><\/em>\u00a0peuvent s\u2019initier \u00e0 la pratique des Arts Martiaux d\u00e8s l\u2019\u00e2ge de 6 ans et acqu\u00e9rir progressivement la coordination de leurs mouvements, le sens de l\u2019\u00e9quilibre, la lat\u00e9ralisation. Peu \u00e0 peu, ils apprennent \u00e0 ma\u00eetriser leur corps. Ils am\u00e9liorent \u00e9galement leur endurance \u00e0 l\u2019effort physique.<br \/>\nL\u2019enfant qui pratique l\u2019A\u00efkido retient inconsciemment le principe fondamental \u00ab ju la souplesse \u00bb, et la perte de l\u2019agressivit\u00e9 gratuite \u00e0 l\u2019\u00e9gard d\u2019autrui, est sans doute le plus important des apports de l\u2019A\u00efkido pour l\u2019enfant vivant dans un type de soci\u00e9t\u00e9 exaltant la violence.<\/p>\n<p align=\"center\"><a href=\"https:\/\/akj.fr\/wp-content\/uploads\/2013\/01\/03.Aikido.Qui_.Enfants.AKJ_.jpg\"><img loading=\"lazy\" decoding=\"async\" class=\"alignnone size-medium wp-image-215\" src=\"https:\/\/akj.fr\/wp-content\/uploads\/2013\/01\/03.Aikido.Qui_.Enfants.AKJ_-300x249.jpg\" alt=\"03.Aikido.Qui.Enfants.AKJ\" width=\"300\" height=\"249\" \/><\/a><\/p>\n<p><em><strong>Les femmes<\/strong><\/em>\u00a0sont \u00e0 leur avantage dans cette discipline qui demande avant tout d\u2019utiliser la souplesse, l\u2019\u00e9nergie, la capacit\u00e9 \u00e0 \u00e9valuer les situations et \u00e0 y r\u00e9pondre en s\u2019adaptant.<br \/>\nLeur pr\u00e9tendue \u00ab faiblesse \u00bb physique constitue leur v\u00e9ritable force puisque pour y palier, elles d\u00e9velopperont un sens aigu du d\u00e9placement et une pr\u00e9cision technique.<img loading=\"lazy\" decoding=\"async\" class=\"aligncenter size-medium wp-image-216\" src=\"https:\/\/akj.fr\/wp-content\/uploads\/2013\/01\/03.Aikido.Qui_.Femmes.AKJ_-300x225.jpg\" alt=\"03.Aikido.Qui.Femmes.AKJ\" width=\"300\" height=\"225\" \/><\/p>\n<p><em><strong>Les seniors<\/strong><\/em>\u00a0peuvent pratiquer l\u2019A\u00efkido, non plus avec la vigueur de leurs 20 ans, mais avec la m\u00eame ferveur, avec des objectifs diff\u00e9rents, des moyens et m\u00e9thodes diff\u00e9rents et adapt\u00e9s, une s\u00e9r\u00e9nit\u00e9, une disponibilit\u00e9, et pour les \u00ab v\u00e9t\u00e9rans \u00bb un savoir acquis au cours des longues ann\u00e9es de pratique.<img loading=\"lazy\" decoding=\"async\" class=\"aligncenter size-medium wp-image-217\" src=\"https:\/\/akj.fr\/wp-content\/uploads\/2013\/01\/03.Aikido.Qui_.Seniors-300x280.jpg\" alt=\"03.Aikido.Qui.Seniors\" width=\"300\" height=\"280\" \/><\/p>\n<p><strong>Quels sont les bienfaits de l&rsquo;A\u00efkido<\/strong>\u00a0:<\/p>\n<p>L\u2019A\u00efkido, syst\u00e8me de d\u00e9fense, mais aussi m\u00e9thode d\u2019\u00e9ducation, contribue \u00e0 am\u00e9liorer :<\/p>\n<ul>\n<li>la force et la souplesse de votre corps, le d\u00e9veloppement de vos r\u00e9flexes, la coordination.<\/li>\n<li>la confiance en vous, la s\u00e9r\u00e9nit\u00e9, le bien-\u00eatre<\/li>\n<li>les relations avec l\u2019Autre<\/li>\n<li><img loading=\"lazy\" decoding=\"async\" class=\"aligncenter size-medium wp-image-219\" src=\"https:\/\/akj.fr\/wp-content\/uploads\/2013\/01\/03.Aikido.Bienfaits.Souplesse-300x223.jpg\" alt=\"03.Aikido.Bienfaits.Souplesse\" width=\"300\" height=\"223\" \/><\/li>\n<\/ul>\n<div>\n<div>L\u2019A\u00efkido dans sa philosophie, enseigne le respect des valeurs morales (politesse, respect, contr\u00f4le de soi \u2026) et aide \u00e0 canaliser toute agressivit\u00e9, r\u00e9actions violentes ou provocatrices.<\/div>\n<div><\/div>\n<div><strong>\u00a0<\/strong><\/div>\n<\/div>\n<\/div>\n<\/div>\n<\/li>\n<\/ul>\n","protected":false},"excerpt":{"rendered":"<p>AI &#8211;\u00a0Union , unification , harmonie , concordance KI &#8211;\u00a0Energie vitale , cosmique , universelle &nbsp; &nbsp; &nbsp; &nbsp; DO &#8211;\u00a0Chemin , voie , recherche , tao &nbsp; &nbsp; L\u2019A\u00efkido est un Budo japonais, d\u00e9velopp\u00e9 par Ma\u00eetre Morihei Ueshiba (1883-1969) au d\u00e9but des ann\u00e9es 1940, inspir\u00e9 des m\u00e9thodes de combat [&hellip;]<\/p>\n","protected":false},"author":2,"featured_media":0,"parent":0,"menu_order":0,"comment_status":"closed","ping_status":"closed","template":"","meta":{"footnotes":""},"class_list":["post-414","page","type-page","status-publish","hentry"],"_links":{"self":[{"href":"https:\/\/akj.fr\/index.php?rest_route=\/wp\/v2\/pages\/414","targetHints":{"allow":["GET"]}}],"collection":[{"href":"https:\/\/akj.fr\/index.php?rest_route=\/wp\/v2\/pages"}],"about":[{"href":"https:\/\/akj.fr\/index.php?rest_route=\/wp\/v2\/types\/page"}],"author":[{"embeddable":true,"href":"https:\/\/akj.fr\/index.php?rest_route=\/wp\/v2\/users\/2"}],"replies":[{"embeddable":true,"href":"https:\/\/akj.fr\/index.php?rest_route=%2Fwp%2Fv2%2Fcomments&post=414"}],"version-history":[{"count":31,"href":"https:\/\/akj.fr\/index.php?rest_route=\/wp\/v2\/pages\/414\/revisions"}],"predecessor-version":[{"id":4294,"href":"https:\/\/akj.fr\/index.php?rest_route=\/wp\/v2\/pages\/414\/revisions\/4294"}],"wp:attachment":[{"href":"https:\/\/akj.fr\/index.php?rest_route=%2Fwp%2Fv2%2Fmedia&parent=414"}],"curies":[{"name":"wp","href":"https:\/\/api.w.org\/{rel}","templated":true}]}}